{"id":2073,"date":"2024-10-27T13:48:15","date_gmt":"2024-10-27T13:48:15","guid":{"rendered":"https:\/\/theroyalstiger.com\/contact\/"},"modified":"2026-02-13T13:43:20","modified_gmt":"2026-02-13T13:43:20","slug":"contacto","status":"publish","type":"page","link":"https:\/\/theroyalstiger.com\/pt-pt\/contacto\/","title":{"rendered":"Contacto"},"content":{"rendered":"<h1>Contactar-nos<\/h1>\n<p class=\"wpcf7-contact-form-not-found\"><strong>Error:<\/strong> Contact form not found.<\/p>\n","protected":false},"excerpt":{"rendered":"<p>Contactar-nos<\/p>\n","protected":false},"author":1,"featured_media":0,"parent":0,"menu_order":0,"comment_status":"closed","ping_status":"closed","template":"template-builder.php","meta":{"_acf_changed":false,"inline_featured_image":false,"footnotes":""},"class_list":["post-2073","page","type-page","status-publish","hentry"],"acf":[],"yoast_head":"<!-- This site is optimized with the Yoast SEO plugin v27.3 - https:\/\/yoast.com\/product\/yoast-seo-wordpress\/ -->\n<title>Contactar-nos<\/title>\n<meta name=\"description\" content=\"Contacte-nos para quaisquer quest\u00f5es ou assist\u00eancia. Preencha o formul\u00e1rio e a nossa equipa de apoio entrar\u00e1 em contacto consigo de imediato para resolver as suas quest\u00f5es.\" \/>\n<meta name=\"robots\" content=\"index, follow, max-snippet:-1, max-image-preview:large, max-video-preview:-1\" \/>\n<link rel=\"canonical\" href=\"https:\/\/theroyalstiger.com\/pt-pt\/contacto\/\" \/>\n<meta property=\"og:locale\" content=\"pt_PT\" \/>\n<meta property=\"og:type\" content=\"article\" \/>\n<meta property=\"og:title\" content=\"Contactar-nos\" \/>\n<meta property=\"og:description\" content=\"Contacte-nos para quaisquer quest\u00f5es ou assist\u00eancia. Preencha o formul\u00e1rio e a nossa equipa de apoio entrar\u00e1 em contacto consigo de imediato para resolver as suas quest\u00f5es.\" \/>\n<meta property=\"og:url\" content=\"https:\/\/theroyalstiger.com\/pt-pt\/contacto\/\" \/>\n<meta property=\"og:site_name\" content=\"royalstiger\" \/>\n<meta property=\"article:modified_time\" content=\"2026-02-13T13:43:20+00:00\" \/>\n<meta name=\"twitter:card\" content=\"summary_large_image\" \/>\n<meta name=\"twitter:label1\" content=\"Est. reading time\" \/>\n\t<meta name=\"twitter:data1\" content=\"1 minute\" \/>\n<script type=\"application\/ld+json\" class=\"yoast-schema-graph\">{\"@context\":\"https:\\\/\\\/schema.org\",\"@graph\":[{\"@type\":\"WebPage\",\"@id\":\"https:\\\/\\\/theroyalstiger.com\\\/pt-pt\\\/contacto\\\/\",\"url\":\"https:\\\/\\\/theroyalstiger.com\\\/pt-pt\\\/contacto\\\/\",\"name\":\"Contactar-nos\",\"isPartOf\":{\"@id\":\"https:\\\/\\\/theroyalstiger.com\\\/pt-pt\\\/#website\"},\"datePublished\":\"2024-10-27T13:48:15+00:00\",\"dateModified\":\"2026-02-13T13:43:20+00:00\",\"description\":\"Contacte-nos para quaisquer quest\u00f5es ou assist\u00eancia. Preencha o formul\u00e1rio e a nossa equipa de apoio entrar\u00e1 em contacto consigo de imediato para resolver as suas quest\u00f5es.\",\"breadcrumb\":{\"@id\":\"https:\\\/\\\/theroyalstiger.com\\\/pt-pt\\\/contacto\\\/#breadcrumb\"},\"inLanguage\":\"pt-PT\",\"potentialAction\":[{\"@type\":\"ReadAction\",\"target\":[\"https:\\\/\\\/theroyalstiger.com\\\/pt-pt\\\/contacto\\\/\"]}]},{\"@type\":\"BreadcrumbList\",\"@id\":\"https:\\\/\\\/theroyalstiger.com\\\/pt-pt\\\/contacto\\\/#breadcrumb\",\"itemListElement\":[{\"@type\":\"ListItem\",\"position\":1,\"name\":\"Royalstiger\",\"item\":\"https:\\\/\\\/theroyalstiger.com\\\/pt-pt\\\/\"},{\"@type\":\"ListItem\",\"position\":2,\"name\":\"Contacto\"}]},{\"@type\":\"WebSite\",\"@id\":\"https:\\\/\\\/theroyalstiger.com\\\/pt-pt\\\/#website\",\"url\":\"https:\\\/\\\/theroyalstiger.com\\\/pt-pt\\\/\",\"name\":\"Royalstiger\",\"description\":\"\",\"publisher\":{\"@id\":\"https:\\\/\\\/theroyalstiger.com\\\/pt-pt\\\/#organization\"},\"potentialAction\":[{\"@type\":\"SearchAction\",\"target\":{\"@type\":\"EntryPoint\",\"urlTemplate\":\"https:\\\/\\\/theroyalstiger.com\\\/pt-pt\\\/?s={search_term_string}\"},\"query-input\":{\"@type\":\"PropertyValueSpecification\",\"valueRequired\":true,\"valueName\":\"search_term_string\"}}],\"inLanguage\":\"pt-PT\"},{\"@type\":\"Organization\",\"@id\":\"https:\\\/\\\/theroyalstiger.com\\\/pt-pt\\\/#organization\",\"name\":\"Royalstiger\",\"url\":\"https:\\\/\\\/theroyalstiger.com\\\/pt-pt\\\/\",\"logo\":{\"@type\":\"ImageObject\",\"inLanguage\":\"pt-PT\",\"@id\":\"https:\\\/\\\/theroyalstiger.com\\\/pt-pt\\\/#\\\/schema\\\/logo\\\/image\\\/\",\"url\":\"https:\\\/\\\/theroyalstiger.com\\\/wp-content\\\/uploads\\\/2026\\\/02\\\/Royalstiger-logo-Desktop.png\",\"contentUrl\":\"https:\\\/\\\/theroyalstiger.com\\\/wp-content\\\/uploads\\\/2026\\\/02\\\/Royalstiger-logo-Desktop.png\",\"width\":134,\"height\":34,\"caption\":\"Royalstiger\"},\"image\":{\"@id\":\"https:\\\/\\\/theroyalstiger.com\\\/pt-pt\\\/#\\\/schema\\\/logo\\\/image\\\/\"}}]}<\/script>\n<!-- \/ Yoast SEO plugin. -->","yoast_head_json":{"title":"Contactar-nos","description":"Contacte-nos para quaisquer quest\u00f5es ou assist\u00eancia. Preencha o formul\u00e1rio e a nossa equipa de apoio entrar\u00e1 em contacto consigo de imediato para resolver as suas quest\u00f5es.","robots":{"index":"index","follow":"follow","max-snippet":"max-snippet:-1","max-image-preview":"max-image-preview:large","max-video-preview":"max-video-preview:-1"},"canonical":"https:\/\/theroyalstiger.com\/pt-pt\/contacto\/","og_locale":"pt_PT","og_type":"article","og_title":"Contactar-nos","og_description":"Contacte-nos para quaisquer quest\u00f5es ou assist\u00eancia. Preencha o formul\u00e1rio e a nossa equipa de apoio entrar\u00e1 em contacto consigo de imediato para resolver as suas quest\u00f5es.","og_url":"https:\/\/theroyalstiger.com\/pt-pt\/contacto\/","og_site_name":"royalstiger","article_modified_time":"2026-02-13T13:43:20+00:00","twitter_card":"summary_large_image","twitter_misc":{"Est. reading time":"1 minute"},"schema":{"@context":"https:\/\/schema.org","@graph":[{"@type":"WebPage","@id":"https:\/\/theroyalstiger.com\/pt-pt\/contacto\/","url":"https:\/\/theroyalstiger.com\/pt-pt\/contacto\/","name":"Contactar-nos","isPartOf":{"@id":"https:\/\/theroyalstiger.com\/pt-pt\/#website"},"datePublished":"2024-10-27T13:48:15+00:00","dateModified":"2026-02-13T13:43:20+00:00","description":"Contacte-nos para quaisquer quest\u00f5es ou assist\u00eancia. Preencha o formul\u00e1rio e a nossa equipa de apoio entrar\u00e1 em contacto consigo de imediato para resolver as suas quest\u00f5es.","breadcrumb":{"@id":"https:\/\/theroyalstiger.com\/pt-pt\/contacto\/#breadcrumb"},"inLanguage":"pt-PT","potentialAction":[{"@type":"ReadAction","target":["https:\/\/theroyalstiger.com\/pt-pt\/contacto\/"]}]},{"@type":"BreadcrumbList","@id":"https:\/\/theroyalstiger.com\/pt-pt\/contacto\/#breadcrumb","itemListElement":[{"@type":"ListItem","position":1,"name":"Royalstiger","item":"https:\/\/theroyalstiger.com\/pt-pt\/"},{"@type":"ListItem","position":2,"name":"Contacto"}]},{"@type":"WebSite","@id":"https:\/\/theroyalstiger.com\/pt-pt\/#website","url":"https:\/\/theroyalstiger.com\/pt-pt\/","name":"Royalstiger","description":"","publisher":{"@id":"https:\/\/theroyalstiger.com\/pt-pt\/#organization"},"potentialAction":[{"@type":"SearchAction","target":{"@type":"EntryPoint","urlTemplate":"https:\/\/theroyalstiger.com\/pt-pt\/?s={search_term_string}"},"query-input":{"@type":"PropertyValueSpecification","valueRequired":true,"valueName":"search_term_string"}}],"inLanguage":"pt-PT"},{"@type":"Organization","@id":"https:\/\/theroyalstiger.com\/pt-pt\/#organization","name":"Royalstiger","url":"https:\/\/theroyalstiger.com\/pt-pt\/","logo":{"@type":"ImageObject","inLanguage":"pt-PT","@id":"https:\/\/theroyalstiger.com\/pt-pt\/#\/schema\/logo\/image\/","url":"https:\/\/theroyalstiger.com\/wp-content\/uploads\/2026\/02\/Royalstiger-logo-Desktop.png","contentUrl":"https:\/\/theroyalstiger.com\/wp-content\/uploads\/2026\/02\/Royalstiger-logo-Desktop.png","width":134,"height":34,"caption":"Royalstiger"},"image":{"@id":"https:\/\/theroyalstiger.com\/pt-pt\/#\/schema\/logo\/image\/"}}]}},"_links":{"self":[{"href":"https:\/\/theroyalstiger.com\/pt-pt\/wp-json\/wp\/v2\/pages\/2073","targetHints":{"allow":["GET"]}}],"collection":[{"href":"https:\/\/theroyalstiger.com\/pt-pt\/wp-json\/wp\/v2\/pages"}],"about":[{"href":"https:\/\/theroyalstiger.com\/pt-pt\/wp-json\/wp\/v2\/types\/page"}],"author":[{"embeddable":true,"href":"https:\/\/theroyalstiger.com\/pt-pt\/wp-json\/wp\/v2\/users\/1"}],"replies":[{"embeddable":true,"href":"https:\/\/theroyalstiger.com\/pt-pt\/wp-json\/wp\/v2\/comments?post=2073"}],"version-history":[{"count":1,"href":"https:\/\/theroyalstiger.com\/pt-pt\/wp-json\/wp\/v2\/pages\/2073\/revisions"}],"predecessor-version":[{"id":2214,"href":"https:\/\/theroyalstiger.com\/pt-pt\/wp-json\/wp\/v2\/pages\/2073\/revisions\/2214"}],"wp:attachment":[{"href":"https:\/\/theroyalstiger.com\/pt-pt\/wp-json\/wp\/v2\/media?parent=2073"}],"curies":[{"name":"wp","href":"https:\/\/api.w.org\/{rel}","templated":true}]}}