{"id":1466,"date":"2024-10-27T13:48:15","date_gmt":"2024-10-27T13:48:15","guid":{"rendered":"https:\/\/bonuskongcasino.com\/contact\/"},"modified":"2026-01-20T16:05:46","modified_gmt":"2026-01-20T16:05:46","slug":"kontakt","status":"publish","type":"page","link":"https:\/\/theroyalstiger.com\/pl\/kontakt\/","title":{"rendered":"Kontakt"},"content":{"rendered":"<h1>Skontaktuj si\u0119 z nami<\/h1>\n<p class=\"wpcf7-contact-form-not-found\"><strong>Error:<\/strong> Contact form not found.<\/p>\n","protected":false},"excerpt":{"rendered":"<p>Skontaktuj si\u0119 z nami<\/p>\n","protected":false},"author":1,"featured_media":0,"parent":0,"menu_order":0,"comment_status":"closed","ping_status":"closed","template":"template-builder.php","meta":{"_acf_changed":false,"inline_featured_image":false,"footnotes":""},"class_list":["post-1466","page","type-page","status-publish","hentry"],"acf":[],"yoast_head":"<!-- This site is optimized with the Yoast SEO plugin v27.3 - https:\/\/yoast.com\/product\/yoast-seo-wordpress\/ -->\n<title>Skontaktuj si\u0119 z nami<\/title>\n<meta name=\"description\" content=\"W razie jakichkolwiek pyta\u0144 lub potrzeby pomocy prosimy o kontakt. Prosimy o wype\u0142nienie formularza, a nasz zesp\u00f3\u0142 wsparcia skontaktuje si\u0119 z Pa\u0144stwem w najkr\u00f3tszym mo\u017cliwym terminie, aby odpowiedzie\u0107 na Pa\u0144stwa pytania.\" \/>\n<meta name=\"robots\" content=\"index, follow, max-snippet:-1, max-image-preview:large, max-video-preview:-1\" \/>\n<link rel=\"canonical\" href=\"https:\/\/theroyalstiger.com\/pl\/kontakt\/\" \/>\n<meta property=\"og:locale\" content=\"pl_PL\" \/>\n<meta property=\"og:type\" content=\"article\" \/>\n<meta property=\"og:title\" content=\"Skontaktuj si\u0119 z nami\" \/>\n<meta property=\"og:description\" content=\"W razie jakichkolwiek pyta\u0144 lub potrzeby pomocy prosimy o kontakt. Prosimy o wype\u0142nienie formularza, a nasz zesp\u00f3\u0142 wsparcia skontaktuje si\u0119 z Pa\u0144stwem w najkr\u00f3tszym mo\u017cliwym terminie, aby odpowiedzie\u0107 na Pa\u0144stwa pytania.\" \/>\n<meta property=\"og:url\" content=\"https:\/\/theroyalstiger.com\/pl\/kontakt\/\" \/>\n<meta property=\"og:site_name\" content=\"royalstiger\" \/>\n<meta property=\"article:modified_time\" content=\"2026-01-20T16:05:46+00:00\" \/>\n<meta name=\"twitter:card\" content=\"summary_large_image\" \/>\n<meta name=\"twitter:label1\" content=\"Est. reading time\" \/>\n\t<meta name=\"twitter:data1\" content=\"1 minute\" \/>\n<script type=\"application\/ld+json\" class=\"yoast-schema-graph\">{\"@context\":\"https:\\\/\\\/schema.org\",\"@graph\":[{\"@type\":\"WebPage\",\"@id\":\"https:\\\/\\\/theroyalstiger.com\\\/pl\\\/kontakt\\\/\",\"url\":\"https:\\\/\\\/theroyalstiger.com\\\/pl\\\/kontakt\\\/\",\"name\":\"Skontaktuj si\u0119 z nami\",\"isPartOf\":{\"@id\":\"https:\\\/\\\/theroyalstiger.com\\\/pl\\\/#website\"},\"datePublished\":\"2024-10-27T13:48:15+00:00\",\"dateModified\":\"2026-01-20T16:05:46+00:00\",\"description\":\"W razie jakichkolwiek pyta\u0144 lub potrzeby pomocy prosimy o kontakt. Prosimy o wype\u0142nienie formularza, a nasz zesp\u00f3\u0142 wsparcia skontaktuje si\u0119 z Pa\u0144stwem w najkr\u00f3tszym mo\u017cliwym terminie, aby odpowiedzie\u0107 na Pa\u0144stwa pytania.\",\"breadcrumb\":{\"@id\":\"https:\\\/\\\/theroyalstiger.com\\\/pl\\\/kontakt\\\/#breadcrumb\"},\"inLanguage\":\"pl-PL\",\"potentialAction\":[{\"@type\":\"ReadAction\",\"target\":[\"https:\\\/\\\/theroyalstiger.com\\\/pl\\\/kontakt\\\/\"]}]},{\"@type\":\"BreadcrumbList\",\"@id\":\"https:\\\/\\\/theroyalstiger.com\\\/pl\\\/kontakt\\\/#breadcrumb\",\"itemListElement\":[{\"@type\":\"ListItem\",\"position\":1,\"name\":\"Royalstiger\",\"item\":\"https:\\\/\\\/theroyalstiger.com\\\/pl\\\/\"},{\"@type\":\"ListItem\",\"position\":2,\"name\":\"Kontakt\"}]},{\"@type\":\"WebSite\",\"@id\":\"https:\\\/\\\/theroyalstiger.com\\\/pl\\\/#website\",\"url\":\"https:\\\/\\\/theroyalstiger.com\\\/pl\\\/\",\"name\":\"Royalstiger\",\"description\":\"\",\"publisher\":{\"@id\":\"https:\\\/\\\/theroyalstiger.com\\\/pl\\\/#organization\"},\"potentialAction\":[{\"@type\":\"SearchAction\",\"target\":{\"@type\":\"EntryPoint\",\"urlTemplate\":\"https:\\\/\\\/theroyalstiger.com\\\/pl\\\/?s={search_term_string}\"},\"query-input\":{\"@type\":\"PropertyValueSpecification\",\"valueRequired\":true,\"valueName\":\"search_term_string\"}}],\"inLanguage\":\"pl-PL\"},{\"@type\":\"Organization\",\"@id\":\"https:\\\/\\\/theroyalstiger.com\\\/pl\\\/#organization\",\"name\":\"Royalstiger\",\"url\":\"https:\\\/\\\/theroyalstiger.com\\\/pl\\\/\",\"logo\":{\"@type\":\"ImageObject\",\"inLanguage\":\"pl-PL\",\"@id\":\"https:\\\/\\\/theroyalstiger.com\\\/pl\\\/#\\\/schema\\\/logo\\\/image\\\/\",\"url\":\"https:\\\/\\\/theroyalstiger.com\\\/wp-content\\\/uploads\\\/2026\\\/02\\\/Royalstiger-logo-Desktop.png\",\"contentUrl\":\"https:\\\/\\\/theroyalstiger.com\\\/wp-content\\\/uploads\\\/2026\\\/02\\\/Royalstiger-logo-Desktop.png\",\"width\":134,\"height\":34,\"caption\":\"Royalstiger\"},\"image\":{\"@id\":\"https:\\\/\\\/theroyalstiger.com\\\/pl\\\/#\\\/schema\\\/logo\\\/image\\\/\"}}]}<\/script>\n<!-- \/ Yoast SEO plugin. -->","yoast_head_json":{"title":"Skontaktuj si\u0119 z nami","description":"W razie jakichkolwiek pyta\u0144 lub potrzeby pomocy prosimy o kontakt. Prosimy o wype\u0142nienie formularza, a nasz zesp\u00f3\u0142 wsparcia skontaktuje si\u0119 z Pa\u0144stwem w najkr\u00f3tszym mo\u017cliwym terminie, aby odpowiedzie\u0107 na Pa\u0144stwa pytania.","robots":{"index":"index","follow":"follow","max-snippet":"max-snippet:-1","max-image-preview":"max-image-preview:large","max-video-preview":"max-video-preview:-1"},"canonical":"https:\/\/theroyalstiger.com\/pl\/kontakt\/","og_locale":"pl_PL","og_type":"article","og_title":"Skontaktuj si\u0119 z nami","og_description":"W razie jakichkolwiek pyta\u0144 lub potrzeby pomocy prosimy o kontakt. Prosimy o wype\u0142nienie formularza, a nasz zesp\u00f3\u0142 wsparcia skontaktuje si\u0119 z Pa\u0144stwem w najkr\u00f3tszym mo\u017cliwym terminie, aby odpowiedzie\u0107 na Pa\u0144stwa pytania.","og_url":"https:\/\/theroyalstiger.com\/pl\/kontakt\/","og_site_name":"royalstiger","article_modified_time":"2026-01-20T16:05:46+00:00","twitter_card":"summary_large_image","twitter_misc":{"Est. reading time":"1 minute"},"schema":{"@context":"https:\/\/schema.org","@graph":[{"@type":"WebPage","@id":"https:\/\/theroyalstiger.com\/pl\/kontakt\/","url":"https:\/\/theroyalstiger.com\/pl\/kontakt\/","name":"Skontaktuj si\u0119 z nami","isPartOf":{"@id":"https:\/\/theroyalstiger.com\/pl\/#website"},"datePublished":"2024-10-27T13:48:15+00:00","dateModified":"2026-01-20T16:05:46+00:00","description":"W razie jakichkolwiek pyta\u0144 lub potrzeby pomocy prosimy o kontakt. Prosimy o wype\u0142nienie formularza, a nasz zesp\u00f3\u0142 wsparcia skontaktuje si\u0119 z Pa\u0144stwem w najkr\u00f3tszym mo\u017cliwym terminie, aby odpowiedzie\u0107 na Pa\u0144stwa pytania.","breadcrumb":{"@id":"https:\/\/theroyalstiger.com\/pl\/kontakt\/#breadcrumb"},"inLanguage":"pl-PL","potentialAction":[{"@type":"ReadAction","target":["https:\/\/theroyalstiger.com\/pl\/kontakt\/"]}]},{"@type":"BreadcrumbList","@id":"https:\/\/theroyalstiger.com\/pl\/kontakt\/#breadcrumb","itemListElement":[{"@type":"ListItem","position":1,"name":"Royalstiger","item":"https:\/\/theroyalstiger.com\/pl\/"},{"@type":"ListItem","position":2,"name":"Kontakt"}]},{"@type":"WebSite","@id":"https:\/\/theroyalstiger.com\/pl\/#website","url":"https:\/\/theroyalstiger.com\/pl\/","name":"Royalstiger","description":"","publisher":{"@id":"https:\/\/theroyalstiger.com\/pl\/#organization"},"potentialAction":[{"@type":"SearchAction","target":{"@type":"EntryPoint","urlTemplate":"https:\/\/theroyalstiger.com\/pl\/?s={search_term_string}"},"query-input":{"@type":"PropertyValueSpecification","valueRequired":true,"valueName":"search_term_string"}}],"inLanguage":"pl-PL"},{"@type":"Organization","@id":"https:\/\/theroyalstiger.com\/pl\/#organization","name":"Royalstiger","url":"https:\/\/theroyalstiger.com\/pl\/","logo":{"@type":"ImageObject","inLanguage":"pl-PL","@id":"https:\/\/theroyalstiger.com\/pl\/#\/schema\/logo\/image\/","url":"https:\/\/theroyalstiger.com\/wp-content\/uploads\/2026\/02\/Royalstiger-logo-Desktop.png","contentUrl":"https:\/\/theroyalstiger.com\/wp-content\/uploads\/2026\/02\/Royalstiger-logo-Desktop.png","width":134,"height":34,"caption":"Royalstiger"},"image":{"@id":"https:\/\/theroyalstiger.com\/pl\/#\/schema\/logo\/image\/"}}]}},"_links":{"self":[{"href":"https:\/\/theroyalstiger.com\/pl\/wp-json\/wp\/v2\/pages\/1466","targetHints":{"allow":["GET"]}}],"collection":[{"href":"https:\/\/theroyalstiger.com\/pl\/wp-json\/wp\/v2\/pages"}],"about":[{"href":"https:\/\/theroyalstiger.com\/pl\/wp-json\/wp\/v2\/types\/page"}],"author":[{"embeddable":true,"href":"https:\/\/theroyalstiger.com\/pl\/wp-json\/wp\/v2\/users\/1"}],"replies":[{"embeddable":true,"href":"https:\/\/theroyalstiger.com\/pl\/wp-json\/wp\/v2\/comments?post=1466"}],"version-history":[{"count":1,"href":"https:\/\/theroyalstiger.com\/pl\/wp-json\/wp\/v2\/pages\/1466\/revisions"}],"predecessor-version":[{"id":1804,"href":"https:\/\/theroyalstiger.com\/pl\/wp-json\/wp\/v2\/pages\/1466\/revisions\/1804"}],"wp:attachment":[{"href":"https:\/\/theroyalstiger.com\/pl\/wp-json\/wp\/v2\/media?parent=1466"}],"curies":[{"name":"wp","href":"https:\/\/api.w.org\/{rel}","templated":true}]}}